{"id":2357,"date":"2024-02-03T12:48:39","date_gmt":"2024-02-03T12:48:39","guid":{"rendered":"https:\/\/benordicspirit-marchenordique.fr\/?page_id=2357"},"modified":"2024-02-03T18:17:01","modified_gmt":"2024-02-03T18:17:01","slug":"mentions-legales","status":"publish","type":"page","link":"https:\/\/benordicspirit-marchenordique.fr\/?page_id=2357","title":{"rendered":"Mentions L\u00e9gales"},"content":{"rendered":"\t\t<div data-elementor-type=\"wp-page\" data-elementor-id=\"2357\" class=\"elementor elementor-2357\">\n\t\t\t\t<div class=\"elementor-element elementor-element-aa6f606 e-flex e-con-boxed e-con e-parent\" data-id=\"aa6f606\" data-element_type=\"container\" data-e-type=\"container\">\n\t\t\t\t\t<div class=\"e-con-inner\">\n\t\t\t\t<div class=\"elementor-element elementor-element-e76237a elementor-widget elementor-widget-text-editor\" data-id=\"e76237a\" data-element_type=\"widget\" data-e-type=\"widget\" data-widget_type=\"text-editor.default\">\n\t\t\t\t<div class=\"elementor-widget-container\">\n\t\t\t\t\t\t\t\t\t<p>Conform\u00e9ment aux dispositions des Articles 6-III et 19 de la loi N\u00b02004 -575 du 21 juin 2004 pour la confiance dans l&rsquo;\u00e9conomie num\u00e9rique , dite L.C.E.N. Il est port\u00e9 \u00e0 la connaissance des utilisateurs et visiteurs , ci apr\u00e8s l&rsquo;utilisateur , du site BeNordicspirit-marchenordique.fr, ci-apr\u00e8s le \u00ab\u00a0site , les pr\u00e9sentes mentions l\u00e9gales.<\/p>\n<p>La connexion et la navigation sur le Site par l&rsquo;Utilisateur implique l&rsquo;acceptation int\u00e9grale et sans r\u00e9serve des pr\u00e9sentes mentions l\u00e9gales.<\/p>\n<p><strong>ARTICLE 1 &#8211; L&rsquo;EDITEUR<\/strong><\/p>\n<p>L&rsquo;\u00e9dition et la direction de la publication du Site est assur\u00e9e par<b> B\u00e9atrice RANCHON, <\/b>domicili\u00e9e<b> 26 cours Jean Jaur\u00e8s 84500 BOLLENE <\/b>dont le num\u00e9ro de t\u00e9l\u00e9phone est<b> 0761459228 <\/b>et l&rsquo;adresse email :<b> benordicspirit@gmail.com<\/b><\/p>\n<p><span style=\"background-color: var(--nv-site-bg); color: var(--nv-text-color); font-family: var(--bodyfontfamily),var(--nv-fallback-ff); font-size: var(--bodyfontsize); font-weight: var(--bodyfontweight); letter-spacing: var(--bodyletterspacing); text-align: var(--text-align); text-transform: var(--bodytexttransform);\">Siren : 384236253<\/span><\/p>\n<p>Carte Professionnelle d&rsquo;\u00e9ducateur sportif : N\u00b008412ED0077<\/p>\n<p>N\u00b0Agr\u00e9ment NDA : 93840497884<\/p>\n<p>Asuurance pro : MMA PRO-PME Contrat 145512477<\/p><p>Statut : profession lib\u00e9rale<\/p>\n<p><strong>Article -2 L&rsquo;HEBERGEUR<\/strong><\/p>\n<p>L&rsquo;hebergeur est la sociti\u00e9 wordpress, coordonn\u00e9es sur leur site en pied de page.<\/p>\n<p><\/p>\n<p><strong>Article -3 ACCES AU<\/strong> <strong>SITE<\/strong><\/p>\n<p>Le site est accessible en tout endroit, 7\/7, 24h\/24 sauf cas de force majeure, interruption programm\u00e9e ou non et pouvant d\u00e9couler d&rsquo;une n2cessit\u00e9 de maintenance.<\/p>\n<p>En cas de modification, interruption ou suspension du Site, l&rsquo;Editeur ne saurait \u00eatre tenu responsable.<\/p>\n<p><strong>ARTICLE 4 -COLLECTE DE DONNEES<\/strong><\/p>\n<p>Le Site assure \u00e0 l&rsquo;utilisateur une collecte et un traitement des informations personnelles dans le respect de la vie priv\u00e9e conform\u00e9ment \u00e0 la loi N\u00b078-17 du 6 janvier 1978 relative \u00e0 l&rsquo;informatique, aux fichiers et aux libert\u00e9s.<\/p>\n<p><\/p>\n<p>En vertu de la loi informatique et libert\u00e9s, en date du 6 janvier 1978, l&rsquo;utilisateur dispose d&rsquo;un droit d&rsquo;acc\u00e8s, de rectification, de suppression et d&rsquo;opposition de ses donn\u00e9es personnelles. L&rsquo;Utilisateur exerce ce droit&nbsp; :<\/p>\n<p>Via le formulaire de contact;<\/p>\n<p><\/p>\n<p>Toute utilisation, reproduction, diffusion, commercialisation, modification de toute ou partie du Site, sans autorisation de l&rsquo;Editeur est prohib\u00e9e et pourra entrainer des actions et poursuites judiciaires telles que notamment&nbsp; pr\u00e9vues par le code de la propri\u00e9t\u00e9 intellectuelle et le Code civil.<\/p>\n<p><\/p>\t\t\t\t\t\t\t\t<\/div>\n\t\t\t\t<\/div>\n\t\t\t\t\t<\/div>\n\t\t\t\t<\/div>\n\t\t\t\t<\/div>\n\t\t","protected":false},"excerpt":{"rendered":"<p>Conform\u00e9ment aux dispositions des Articles 6-III et 19 de la loi N\u00b02004 -575 du 21 juin 2004 pour la confiance dans l&rsquo;\u00e9conomie num\u00e9rique , dite L.C.E.N. Il est port\u00e9 \u00e0 la connaissance des utilisateurs et visiteurs , ci apr\u00e8s l&rsquo;utilisateur , du site BeNordicspirit-marchenordique.fr, ci-apr\u00e8s le \u00ab\u00a0site , les pr\u00e9sentes mentions l\u00e9gales. La connexion et&hellip;&nbsp;<a href=\"https:\/\/benordicspirit-marchenordique.fr\/?page_id=2357\" class=\"\" rel=\"bookmark\">Lire la suite &raquo;<span class=\"screen-reader-text\">Mentions L\u00e9gales<\/span><\/a><\/p>\n","protected":false},"author":1,"featured_media":0,"parent":0,"menu_order":0,"comment_status":"closed","ping_status":"closed","template":"page-templates\/template-pagebuilder-full-width.php","meta":{"om_disable_all_campaigns":false,"_monsterinsights_skip_tracking":false,"_monsterinsights_sitenote_active":false,"_monsterinsights_sitenote_note":"","_monsterinsights_sitenote_category":0,"neve_meta_sidebar":"","neve_meta_container":"","neve_meta_enable_content_width":"","neve_meta_content_width":0,"neve_meta_title_alignment":"","neve_meta_author_avatar":"","neve_post_elements_order":"","neve_meta_disable_header":"","neve_meta_disable_footer":"","neve_meta_disable_title":"","footnotes":""},"class_list":["post-2357","page","type-page","status-publish","hentry"],"aioseo_notices":[],"_links":{"self":[{"href":"https:\/\/benordicspirit-marchenordique.fr\/index.php?rest_route=\/wp\/v2\/pages\/2357","targetHints":{"allow":["GET"]}}],"collection":[{"href":"https:\/\/benordicspirit-marchenordique.fr\/index.php?rest_route=\/wp\/v2\/pages"}],"about":[{"href":"https:\/\/benordicspirit-marchenordique.fr\/index.php?rest_route=\/wp\/v2\/types\/page"}],"author":[{"embeddable":true,"href":"https:\/\/benordicspirit-marchenordique.fr\/index.php?rest_route=\/wp\/v2\/users\/1"}],"replies":[{"embeddable":true,"href":"https:\/\/benordicspirit-marchenordique.fr\/index.php?rest_route=%2Fwp%2Fv2%2Fcomments&post=2357"}],"version-history":[{"count":15,"href":"https:\/\/benordicspirit-marchenordique.fr\/index.php?rest_route=\/wp\/v2\/pages\/2357\/revisions"}],"predecessor-version":[{"id":2378,"href":"https:\/\/benordicspirit-marchenordique.fr\/index.php?rest_route=\/wp\/v2\/pages\/2357\/revisions\/2378"}],"wp:attachment":[{"href":"https:\/\/benordicspirit-marchenordique.fr\/index.php?rest_route=%2Fwp%2Fv2%2Fmedia&parent=2357"}],"curies":[{"name":"wp","href":"https:\/\/api.w.org\/{rel}","templated":true}]}}