{"id":653,"date":"2022-07-31T13:59:04","date_gmt":"2022-07-31T13:59:04","guid":{"rendered":"https:\/\/benordicspirit-marchenordique.fr\/?page_id=653"},"modified":"2024-11-12T14:09:08","modified_gmt":"2024-11-12T14:09:08","slug":"formations","status":"publish","type":"page","link":"https:\/\/benordicspirit-marchenordique.fr\/?page_id=653","title":{"rendered":"Formations"},"content":{"rendered":"\t\t<div data-elementor-type=\"wp-page\" data-elementor-id=\"653\" class=\"elementor elementor-653\">\n\t\t\t\t<div class=\"elementor-element elementor-element-da20196 e-flex e-con-boxed e-con e-parent\" data-id=\"da20196\" data-element_type=\"container\" data-e-type=\"container\" data-settings=\"{&quot;background_background&quot;:&quot;classic&quot;}\">\n\t\t\t\t\t<div class=\"e-con-inner\">\n\t\t\t\t<div class=\"elementor-element elementor-element-d9f7198 elementor-widget elementor-widget-heading\" data-id=\"d9f7198\" data-element_type=\"widget\" data-e-type=\"widget\" data-widget_type=\"heading.default\">\n\t\t\t\t<div class=\"elementor-widget-container\">\n\t\t\t\t\t<h2 class=\"elementor-heading-title elementor-size-default\">FORMATIONS<\/h2>\t\t\t\t<\/div>\n\t\t\t\t<\/div>\n\t\t\t\t\t<\/div>\n\t\t\t\t<\/div>\n\t\t<div class=\"elementor-element elementor-element-389798c e-con-full e-flex e-con e-parent\" data-id=\"389798c\" data-element_type=\"container\" data-e-type=\"container\">\n\t\t<div class=\"elementor-element elementor-element-8494945 e-con-full e-flex e-con e-child\" data-id=\"8494945\" data-element_type=\"container\" data-e-type=\"container\" data-settings=\"{&quot;background_background&quot;:&quot;classic&quot;}\">\n\t\t\t\t<div class=\"elementor-element elementor-element-9eb7304 elementor-widget elementor-widget-heading\" data-id=\"9eb7304\" data-element_type=\"widget\" data-e-type=\"widget\" data-widget_type=\"heading.default\">\n\t\t\t\t<div class=\"elementor-widget-container\">\n\t\t\t\t\t<h2 class=\"elementor-heading-title elementor-size-default\">FORMATION  certifi\u00e9e QUALIOPI<\/h2>\t\t\t\t<\/div>\n\t\t\t\t<\/div>\n\t\t<div class=\"elementor-element elementor-element-9f21150 e-con-full e-flex e-con e-child\" data-id=\"9f21150\" data-element_type=\"container\" data-e-type=\"container\">\n\t\t\t\t<div class=\"elementor-element elementor-element-99c1313 elementor-widget elementor-widget-heading\" data-id=\"99c1313\" data-element_type=\"widget\" data-e-type=\"widget\" data-widget_type=\"heading.default\">\n\t\t\t\t<div class=\"elementor-widget-container\">\n\t\t\t\t\t<p class=\"elementor-heading-title elementor-size-default\">Vous souhaitez devenir Animateur ou Instructeur en marche nordique, vous trouverez dans nos formations des outils vari\u00e9s et innovants pour la pr\u00e9paration de vos s\u00e9ances. Nos formateurs experts et passionn\u00e9s seront l\u00e0 pour vous guider.<\/p>\t\t\t\t<\/div>\n\t\t\t\t<\/div>\n\t\t\t\t<div class=\"elementor-element elementor-element-4760602 elementor-widget elementor-widget-heading\" data-id=\"4760602\" data-element_type=\"widget\" data-e-type=\"widget\" data-widget_type=\"heading.default\">\n\t\t\t\t<div class=\"elementor-widget-container\">\n\t\t\t\t\t<p class=\"elementor-heading-title elementor-size-default\">Nos formations utilisent diff\u00e9rents supports p\u00e9dagogiques,  PowerPoint, fichiers Pdfs, exercices pratiques, cas d'\u00e9cole, livret p\u00e9dagogique et vid\u00e9o. Notre ambition former des animateurs et des instructeurs de marche nordique qui se distinguent par leur savoir faire et leur savoir \u00eatre. <\/p>\t\t\t\t<\/div>\n\t\t\t\t<\/div>\n\t\t\t\t<div class=\"elementor-element elementor-element-c563ec7 elementor-widget elementor-widget-heading\" data-id=\"c563ec7\" data-element_type=\"widget\" data-e-type=\"widget\" data-widget_type=\"heading.default\">\n\t\t\t\t<div class=\"elementor-widget-container\">\n\t\t\t\t\t<p class=\"elementor-heading-title elementor-size-default\">La  formation  BeNordic Spirit\u00ae   se veut innovante, efficace et compl\u00e8te.   (voir le livret de formation d\u00e9taill\u00e9 ci-dessous)<\/p>\t\t\t\t<\/div>\n\t\t\t\t<\/div>\n\t\t<div class=\"elementor-element elementor-element-23b77c9 e-flex e-con-boxed e-con e-child\" data-id=\"23b77c9\" data-element_type=\"container\" data-e-type=\"container\">\n\t\t\t\t\t<div class=\"e-con-inner\">\n\t\t\t\t\t<\/div>\n\t\t\t\t<\/div>\n\t\t\t\t<\/div>\n\t\t\t\t<\/div>\n\t\t<div class=\"elementor-element elementor-element-5798ae6 e-con-full e-flex e-con e-child\" data-id=\"5798ae6\" data-element_type=\"container\" data-e-type=\"container\" data-settings=\"{&quot;background_background&quot;:&quot;classic&quot;}\">\n\t\t\t\t<div class=\"elementor-element elementor-element-01739d8 elementor-widget elementor-widget-image\" data-id=\"01739d8\" data-element_type=\"widget\" data-e-type=\"widget\" data-widget_type=\"image.default\">\n\t\t\t\t<div class=\"elementor-widget-container\">\n\t\t\t\t\t\t\t\t\t\t\t\t\t\t\t<img fetchpriority=\"high\" decoding=\"async\" width=\"1414\" height=\"2000\" src=\"https:\/\/benordicspirit-marchenordique.fr\/wp-content\/uploads\/2024\/10\/AGENDA-FORMATIONS-3.png\" class=\"attachment-full size-full wp-image-2458\" alt=\"\" srcset=\"https:\/\/benordicspirit-marchenordique.fr\/wp-content\/uploads\/2024\/10\/AGENDA-FORMATIONS-3.png 1414w, https:\/\/benordicspirit-marchenordique.fr\/wp-content\/uploads\/2024\/10\/AGENDA-FORMATIONS-3-212x300.png 212w, https:\/\/benordicspirit-marchenordique.fr\/wp-content\/uploads\/2024\/10\/AGENDA-FORMATIONS-3-724x1024.png 724w, https:\/\/benordicspirit-marchenordique.fr\/wp-content\/uploads\/2024\/10\/AGENDA-FORMATIONS-3-768x1086.png 768w, https:\/\/benordicspirit-marchenordique.fr\/wp-content\/uploads\/2024\/10\/AGENDA-FORMATIONS-3-1086x1536.png 1086w\" sizes=\"(max-width: 1414px) 100vw, 1414px\" \/>\t\t\t\t\t\t\t\t\t\t\t\t\t\t\t<\/div>\n\t\t\t\t<\/div>\n\t\t\t\t<\/div>\n\t\t\t\t<\/div>\n\t\t<div class=\"elementor-element elementor-element-bc46a5d e-con-full e-flex e-con e-parent\" data-id=\"bc46a5d\" data-element_type=\"container\" data-e-type=\"container\">\n\t\t<div class=\"elementor-element elementor-element-e571529 e-con-full e-flex e-con e-child\" data-id=\"e571529\" data-element_type=\"container\" data-e-type=\"container\">\n\t\t\t\t<div class=\"elementor-element elementor-element-7fe8f22 elementor-widget elementor-widget-heading\" data-id=\"7fe8f22\" data-element_type=\"widget\" data-e-type=\"widget\" data-widget_type=\"heading.default\">\n\t\t\t\t<div class=\"elementor-widget-container\">\n\t\t\t\t\t<h2 class=\"elementor-heading-title elementor-size-default\">LIVRET FORMATION INSTRUCTEUR\/ANIMATEUR NIVEAU 1<\/h2>\t\t\t\t<\/div>\n\t\t\t\t<\/div>\n\t\t\t\t<div class=\"elementor-element elementor-element-f7af7da elementor-widget elementor-widget-text-editor\" data-id=\"f7af7da\" data-element_type=\"widget\" data-e-type=\"widget\" data-widget_type=\"text-editor.default\">\n\t\t\t\t<div class=\"elementor-widget-container\">\n\t\t\t\t\t\t\t\t\t<p>Vous retrouverez le descriptif de la formation, les objectifs, les pr\u00e9requis, le programme, le tarif et les financements possibles. Ainsi que les dates et lieux de la prochaine session.<\/p><p>\u00a0<\/p>\t\t\t\t\t\t\t\t<\/div>\n\t\t\t\t<\/div>\n\t\t\t\t<div class=\"elementor-element elementor-element-5085385 elementor-widget elementor-widget-text-editor\" data-id=\"5085385\" data-element_type=\"widget\" data-e-type=\"widget\" data-widget_type=\"text-editor.default\">\n\t\t\t\t<div class=\"elementor-widget-container\">\n\t\t\t\t\t\t\t\t\t<p>Pour conna\u00eetre les diff\u00e9rents organismes de financement <a href=\"http:\/\/benordicspirit-marchenordique.fr\/wp-content\/uploads\/2022\/12\/FINANCEMENT-FORMATIONS.docx\">cliquez <span style=\"text-decoration: underline;\">ici<\/span><\/a><\/p>\t\t\t\t\t\t\t\t<\/div>\n\t\t\t\t<\/div>\n\t\t\t\t<div class=\"elementor-element elementor-element-8ac2dec elementor-widget elementor-widget-heading\" data-id=\"8ac2dec\" data-element_type=\"widget\" data-e-type=\"widget\" data-widget_type=\"heading.default\">\n\t\t\t\t<div class=\"elementor-widget-container\">\n\t\t\t\t\t<h5 class=\"elementor-heading-title elementor-size-default\">Pour s'inscrire cliquer sur le lien ci-dessous<\/h5>\t\t\t\t<\/div>\n\t\t\t\t<\/div>\n\t\t<div class=\"elementor-element elementor-element-6bdd4d3 e-con-full e-flex e-con e-child\" data-id=\"6bdd4d3\" data-element_type=\"container\" data-e-type=\"container\">\n\t\t\t\t<div class=\"elementor-element elementor-element-0acb6aa elementor-align-center elementor-widget elementor-widget-button\" data-id=\"0acb6aa\" data-element_type=\"widget\" data-e-type=\"widget\" data-widget_type=\"button.default\">\n\t\t\t\t<div class=\"elementor-widget-container\">\n\t\t\t\t\t\t\t\t\t<div class=\"elementor-button-wrapper\">\n\t\t\t\t\t<a class=\"elementor-button elementor-button-link elementor-size-sm\" href=\"https:\/\/lobody-perfect.fr\/formation-marche-nordique-ligne-de-main\" target=\"_blank\">\n\t\t\t\t\t\t<span class=\"elementor-button-content-wrapper\">\n\t\t\t\t\t\t\t\t\t<span class=\"elementor-button-text\">S'inscrire<\/span>\n\t\t\t\t\t<\/span>\n\t\t\t\t\t<\/a>\n\t\t\t\t<\/div>\n\t\t\t\t\t\t\t\t<\/div>\n\t\t\t\t<\/div>\n\t\t\t\t<\/div>\n\t\t\t\t<\/div>\n\t\t<div class=\"elementor-element elementor-element-1b29b8e e-con-full e-flex e-con e-child\" data-id=\"1b29b8e\" data-element_type=\"container\" data-e-type=\"container\" data-settings=\"{&quot;background_background&quot;:&quot;classic&quot;}\">\n\t\t\t\t<div class=\"elementor-element elementor-element-2d39532 elementor-widget elementor-widget-html\" data-id=\"2d39532\" data-element_type=\"widget\" data-e-type=\"widget\" data-widget_type=\"html.default\">\n\t\t\t\t<div class=\"elementor-widget-container\">\n\t\t\t\t\t<div style=\"text-align:center;\"><div style=\"margin:8px 0px 4px;\"><a href=\"https:\/\/www.calameo.com\/books\/00714644167a53c774570\" target=\"_blank\">LIVRET FORMATION INSTRUCTEUR MARCHE NORDIQUE BeNordic Spirit\u00ae<\/a><\/div><iframe src=\"\/\/v.calameo.com\/?bkcode=00714644167a53c774570&mode=mini\" width=\"480\" height=\"300\" frameborder=\"0\" scrolling=\"no\" allowtransparency allowfullscreen style=\"margin:0 auto;\"><\/iframe><div style=\"margin:4px 0px 8px;\"><a href=\"http:\/\/www.calameo.com\/\" target=\"_blank\">Lire plus de publications sur Calam\u00e9o<\/a><\/div><\/div>\t\t\t\t<\/div>\n\t\t\t\t<\/div>\n\t\t\t\t<\/div>\n\t\t\t\t<\/div>\n\t\t<div class=\"elementor-element elementor-element-4720d0f e-con-full e-flex e-con e-parent\" data-id=\"4720d0f\" data-element_type=\"container\" data-e-type=\"container\">\n\t\t<div class=\"elementor-element elementor-element-7678d12 e-con-full e-flex e-con e-child\" data-id=\"7678d12\" data-element_type=\"container\" data-e-type=\"container\" data-settings=\"{&quot;background_background&quot;:&quot;classic&quot;}\">\n\t\t\t\t<div class=\"elementor-element elementor-element-e1eac3a elementor-widget elementor-widget-heading\" data-id=\"e1eac3a\" data-element_type=\"widget\" data-e-type=\"widget\" data-widget_type=\"heading.default\">\n\t\t\t\t<div class=\"elementor-widget-container\">\n\t\t\t\t\t<h2 class=\"elementor-heading-title elementor-size-default\">LIVRET FORMATION INSTRUCTEUR NIVEAU 2<\/h2>\t\t\t\t<\/div>\n\t\t\t\t<\/div>\n\t\t\t\t<div class=\"elementor-element elementor-element-b3a0164 elementor-widget elementor-widget-text-editor\" data-id=\"b3a0164\" data-element_type=\"widget\" data-e-type=\"widget\" data-widget_type=\"text-editor.default\">\n\t\t\t\t<div class=\"elementor-widget-container\">\n\t\t\t\t\t\t\t\t\t<p>Vous retrouverez le descriptif de la formation, les objectifs, les pr\u00e9requis, le programme, le tarif et les financements possibles. Ainsi que les dates et lieux de la prochaine session.<\/p><p>\u00a0<\/p>\t\t\t\t\t\t\t\t<\/div>\n\t\t\t\t<\/div>\n\t\t\t\t<div class=\"elementor-element elementor-element-aeb813f elementor-widget elementor-widget-text-editor\" data-id=\"aeb813f\" data-element_type=\"widget\" data-e-type=\"widget\" data-widget_type=\"text-editor.default\">\n\t\t\t\t<div class=\"elementor-widget-container\">\n\t\t\t\t\t\t\t\t\t<p>Pour conna\u00eetre vos droits acquis pour la formation connectez vous sur l&rsquo;application \u00ab\u00a0moncompteformation\u00a0\u00bb ou sur votre compte en ligne <a href=\"https:\/\/www.moncompteformation.gouv.fr\/espace-prive\/html\/#\/droits\">ici<\/a><\/p>\t\t\t\t\t\t\t\t<\/div>\n\t\t\t\t<\/div>\n\t\t\t\t<div class=\"elementor-element elementor-element-7c522cc elementor-widget elementor-widget-heading\" data-id=\"7c522cc\" data-element_type=\"widget\" data-e-type=\"widget\" data-widget_type=\"heading.default\">\n\t\t\t\t<div class=\"elementor-widget-container\">\n\t\t\t\t\t<h5 class=\"elementor-heading-title elementor-size-default\">S'inscrire aupr\u00e8s de notre organisme de formation partenaire ci-dessous<\/h5>\t\t\t\t<\/div>\n\t\t\t\t<\/div>\n\t\t<div class=\"elementor-element elementor-element-79444f5 e-con-full e-flex e-con e-child\" data-id=\"79444f5\" data-element_type=\"container\" data-e-type=\"container\">\n\t\t\t\t<div class=\"elementor-element elementor-element-0c5cd61 elementor-align-center elementor-widget elementor-widget-button\" data-id=\"0c5cd61\" data-element_type=\"widget\" data-e-type=\"widget\" data-widget_type=\"button.default\">\n\t\t\t\t<div class=\"elementor-widget-container\">\n\t\t\t\t\t\t\t\t\t<div class=\"elementor-button-wrapper\">\n\t\t\t\t\t<a class=\"elementor-button elementor-size-sm\" role=\"button\">\n\t\t\t\t\t\t<span class=\"elementor-button-content-wrapper\">\n\t\t\t\t\t\t\t\t\t<span class=\"elementor-button-text\">S'inscrire<\/span>\n\t\t\t\t\t<\/span>\n\t\t\t\t\t<\/a>\n\t\t\t\t<\/div>\n\t\t\t\t\t\t\t\t<\/div>\n\t\t\t\t<\/div>\n\t\t\t\t<\/div>\n\t\t\t\t<\/div>\n\t\t<div class=\"elementor-element elementor-element-aa90e5b e-con-full e-flex e-con e-child\" data-id=\"aa90e5b\" data-element_type=\"container\" data-e-type=\"container\" data-settings=\"{&quot;background_background&quot;:&quot;classic&quot;}\">\n\t\t\t\t<div class=\"elementor-element elementor-element-dccd0f8 elementor-widget elementor-widget-heading\" data-id=\"dccd0f8\" data-element_type=\"widget\" data-e-type=\"widget\" data-widget_type=\"heading.default\">\n\t\t\t\t<div class=\"elementor-widget-container\">\n\t\t\t\t\t<h2 class=\"elementor-heading-title elementor-size-default\">LIVRET EN COURS DE FINALISATION<\/h2>\t\t\t\t<\/div>\n\t\t\t\t<\/div>\n\t\t\t\t<\/div>\n\t\t\t\t<\/div>\n\t\t<div class=\"elementor-element elementor-element-95273c9 e-con-full e-flex e-con e-parent\" data-id=\"95273c9\" data-element_type=\"container\" data-e-type=\"container\">\n\t\t\t\t<div class=\"elementor-element elementor-element-0d2c8c2 elementor-arrows-position-inside elementor-pagination-position-outside elementor-widget elementor-widget-image-carousel\" data-id=\"0d2c8c2\" data-element_type=\"widget\" data-e-type=\"widget\" data-settings=\"{&quot;slides_to_show&quot;:&quot;2&quot;,&quot;autoplay_speed&quot;:3000,&quot;slides_to_scroll&quot;:&quot;2&quot;,&quot;navigation&quot;:&quot;both&quot;,&quot;autoplay&quot;:&quot;yes&quot;,&quot;pause_on_hover&quot;:&quot;yes&quot;,&quot;pause_on_interaction&quot;:&quot;yes&quot;,&quot;infinite&quot;:&quot;yes&quot;,&quot;speed&quot;:500}\" data-widget_type=\"image-carousel.default\">\n\t\t\t\t<div class=\"elementor-widget-container\">\n\t\t\t\t\t\t\t<div class=\"elementor-image-carousel-wrapper swiper\" role=\"region\" aria-roledescription=\"carousel\" aria-label=\"Carrousel d\u2019images\" dir=\"ltr\">\n\t\t\t<div class=\"elementor-image-carousel swiper-wrapper\" aria-live=\"off\">\n\t\t\t\t\t\t\t\t<div class=\"swiper-slide\" role=\"group\" aria-roledescription=\"slide\" aria-label=\"1 sur 4\"><figure class=\"swiper-slide-inner\"><img decoding=\"async\" class=\"swiper-slide-image\" src=\"https:\/\/benordicspirit-marchenordique.fr\/wp-content\/uploads\/2023\/09\/Green-Haze-Brush-Photo-Frame-Travel-Discover-New-Places-Instagram-Post-1.png\" alt=\"Green Haze Brush Photo Frame Travel Discover New Places Instagram Post (1)\" \/><\/figure><\/div><div class=\"swiper-slide\" role=\"group\" aria-roledescription=\"slide\" aria-label=\"2 sur 4\"><figure class=\"swiper-slide-inner\"><img decoding=\"async\" class=\"swiper-slide-image\" src=\"https:\/\/benordicspirit-marchenordique.fr\/wp-content\/uploads\/2022\/08\/BIENFAITSMN2_inPixio.png\" alt=\"BIENFAITSMN2_inPixio\" \/><\/figure><\/div><div class=\"swiper-slide\" role=\"group\" aria-roledescription=\"slide\" aria-label=\"3 sur 4\"><figure class=\"swiper-slide-inner\"><img decoding=\"async\" class=\"swiper-slide-image\" src=\"https:\/\/benordicspirit-marchenordique.fr\/wp-content\/uploads\/2023\/08\/STAGE.jpg\" alt=\"STAGE\" \/><\/figure><\/div><div class=\"swiper-slide\" role=\"group\" aria-roledescription=\"slide\" aria-label=\"4 sur 4\"><figure class=\"swiper-slide-inner\"><img decoding=\"async\" class=\"swiper-slide-image\" src=\"https:\/\/benordicspirit-marchenordique.fr\/wp-content\/uploads\/2023\/08\/STAGE2.jpg\" alt=\"STAGE2\" \/><\/figure><\/div>\t\t\t<\/div>\n\t\t\t\t\t\t\t\t\t\t\t\t<div class=\"elementor-swiper-button elementor-swiper-button-prev\" role=\"button\" tabindex=\"0\">\n\t\t\t\t\t\t<i aria-hidden=\"true\" class=\"eicon-chevron-left\"><\/i>\t\t\t\t\t<\/div>\n\t\t\t\t\t<div class=\"elementor-swiper-button elementor-swiper-button-next\" role=\"button\" tabindex=\"0\">\n\t\t\t\t\t\t<i aria-hidden=\"true\" class=\"eicon-chevron-right\"><\/i>\t\t\t\t\t<\/div>\n\t\t\t\t\n\t\t\t\t\t\t\t\t\t<div class=\"swiper-pagination\"><\/div>\n\t\t\t\t\t\t\t\t\t<\/div>\n\t\t\t\t\t\t<\/div>\n\t\t\t\t<\/div>\n\t\t\t\t<\/div>\n\t\t\t\t<\/div>\n\t\t","protected":false},"excerpt":{"rendered":"<p>FORMATIONS FORMATION certifi\u00e9e QUALIOPI Vous souhaitez devenir Animateur ou Instructeur en marche nordique, vous trouverez dans nos formations des outils vari\u00e9s et innovants pour la pr\u00e9paration de vos s\u00e9ances. Nos formateurs experts et passionn\u00e9s seront l\u00e0 pour vous guider. Nos formations utilisent diff\u00e9rents supports p\u00e9dagogiques, PowerPoint, fichiers Pdfs, exercices pratiques, cas d&rsquo;\u00e9cole, livret p\u00e9dagogique et&hellip;&nbsp;<a href=\"https:\/\/benordicspirit-marchenordique.fr\/?page_id=653\" class=\"\" rel=\"bookmark\">Lire la suite &raquo;<span class=\"screen-reader-text\">Formations<\/span><\/a><\/p>\n","protected":false},"author":1,"featured_media":0,"parent":0,"menu_order":0,"comment_status":"closed","ping_status":"closed","template":"page-templates\/template-pagebuilder-full-width.php","meta":{"om_disable_all_campaigns":false,"_monsterinsights_skip_tracking":false,"_monsterinsights_sitenote_active":false,"_monsterinsights_sitenote_note":"","_monsterinsights_sitenote_category":0,"neve_meta_sidebar":"","neve_meta_container":"","neve_meta_enable_content_width":"","neve_meta_content_width":0,"neve_meta_title_alignment":"","neve_meta_author_avatar":"","neve_post_elements_order":"","neve_meta_disable_header":"","neve_meta_disable_footer":"","neve_meta_disable_title":"","footnotes":""},"class_list":["post-653","page","type-page","status-publish","hentry"],"aioseo_notices":[],"_links":{"self":[{"href":"https:\/\/benordicspirit-marchenordique.fr\/index.php?rest_route=\/wp\/v2\/pages\/653","targetHints":{"allow":["GET"]}}],"collection":[{"href":"https:\/\/benordicspirit-marchenordique.fr\/index.php?rest_route=\/wp\/v2\/pages"}],"about":[{"href":"https:\/\/benordicspirit-marchenordique.fr\/index.php?rest_route=\/wp\/v2\/types\/page"}],"author":[{"embeddable":true,"href":"https:\/\/benordicspirit-marchenordique.fr\/index.php?rest_route=\/wp\/v2\/users\/1"}],"replies":[{"embeddable":true,"href":"https:\/\/benordicspirit-marchenordique.fr\/index.php?rest_route=%2Fwp%2Fv2%2Fcomments&post=653"}],"version-history":[{"count":189,"href":"https:\/\/benordicspirit-marchenordique.fr\/index.php?rest_route=\/wp\/v2\/pages\/653\/revisions"}],"predecessor-version":[{"id":2468,"href":"https:\/\/benordicspirit-marchenordique.fr\/index.php?rest_route=\/wp\/v2\/pages\/653\/revisions\/2468"}],"wp:attachment":[{"href":"https:\/\/benordicspirit-marchenordique.fr\/index.php?rest_route=%2Fwp%2Fv2%2Fmedia&parent=653"}],"curies":[{"name":"wp","href":"https:\/\/api.w.org\/{rel}","templated":true}]}}