{"id":655,"date":"2022-07-31T13:59:25","date_gmt":"2022-07-31T13:59:25","guid":{"rendered":"https:\/\/benordicspirit-marchenordique.fr\/?page_id=655"},"modified":"2025-12-07T16:46:16","modified_gmt":"2025-12-07T16:46:16","slug":"stages","status":"publish","type":"page","link":"https:\/\/benordicspirit-marchenordique.fr\/?page_id=655","title":{"rendered":"Stages"},"content":{"rendered":"\t\t<div data-elementor-type=\"wp-page\" data-elementor-id=\"655\" class=\"elementor elementor-655\">\n\t\t\t\t<div class=\"elementor-element elementor-element-24b61e9 e-con-full e-flex e-con e-parent\" data-id=\"24b61e9\" data-element_type=\"container\" data-e-type=\"container\" data-settings=\"{&quot;background_background&quot;:&quot;classic&quot;}\">\n\t\t\t\t<div class=\"elementor-element elementor-element-86aea54 elementor-widget elementor-widget-heading\" data-id=\"86aea54\" data-element_type=\"widget\" data-e-type=\"widget\" data-widget_type=\"heading.default\">\n\t\t\t\t<div class=\"elementor-widget-container\">\n\t\t\t\t\t<h2 class=\"elementor-heading-title elementor-size-default\">STAGES<\/h2>\t\t\t\t<\/div>\n\t\t\t\t<\/div>\n\t\t\t\t<\/div>\n\t\t<div class=\"elementor-element elementor-element-d9c603e e-con-full e-flex e-con e-parent\" data-id=\"d9c603e\" data-element_type=\"container\" data-e-type=\"container\" data-settings=\"{&quot;background_background&quot;:&quot;classic&quot;}\">\n\t\t<div class=\"elementor-element elementor-element-6000484 e-con-full e-flex e-con e-child\" data-id=\"6000484\" data-element_type=\"container\" data-e-type=\"container\">\n\t\t\t\t<div class=\"elementor-element elementor-element-7065892 elementor-widget elementor-widget-image\" data-id=\"7065892\" data-element_type=\"widget\" data-e-type=\"widget\" data-widget_type=\"image.default\">\n\t\t\t\t<div class=\"elementor-widget-container\">\n\t\t\t\t\t\t\t\t\t\t\t\t\t\t\t<img fetchpriority=\"high\" decoding=\"async\" width=\"1414\" height=\"2000\" src=\"https:\/\/benordicspirit-marchenordique.fr\/wp-content\/uploads\/2025\/12\/STAGE-Flyer-5.png\" class=\"attachment-full size-full wp-image-2521\" alt=\"\" srcset=\"https:\/\/benordicspirit-marchenordique.fr\/wp-content\/uploads\/2025\/12\/STAGE-Flyer-5.png 1414w, https:\/\/benordicspirit-marchenordique.fr\/wp-content\/uploads\/2025\/12\/STAGE-Flyer-5-212x300.png 212w, https:\/\/benordicspirit-marchenordique.fr\/wp-content\/uploads\/2025\/12\/STAGE-Flyer-5-724x1024.png 724w, https:\/\/benordicspirit-marchenordique.fr\/wp-content\/uploads\/2025\/12\/STAGE-Flyer-5-768x1086.png 768w, https:\/\/benordicspirit-marchenordique.fr\/wp-content\/uploads\/2025\/12\/STAGE-Flyer-5-1086x1536.png 1086w\" sizes=\"(max-width: 1414px) 100vw, 1414px\" \/>\t\t\t\t\t\t\t\t\t\t\t\t\t\t\t<\/div>\n\t\t\t\t<\/div>\n\t\t\t\t<\/div>\n\t\t<div class=\"elementor-element elementor-element-c1ed62f e-con-full e-flex e-con e-child\" data-id=\"c1ed62f\" data-element_type=\"container\" data-e-type=\"container\">\n\t\t\t\t<div class=\"elementor-element elementor-element-fe8d2aa elementor-widget elementor-widget-heading\" data-id=\"fe8d2aa\" data-element_type=\"widget\" data-e-type=\"widget\" data-widget_type=\"heading.default\">\n\t\t\t\t<div class=\"elementor-widget-container\">\n\t\t\t\t\t<h2 class=\"elementor-heading-title elementor-size-default\">STAGE PEDAGOGIQUE<\/h2>\t\t\t\t<\/div>\n\t\t\t\t<\/div>\n\t\t<div class=\"elementor-element elementor-element-9b94aba e-con-full e-flex e-con e-child\" data-id=\"9b94aba\" data-element_type=\"container\" data-e-type=\"container\">\n\t\t\t\t<div class=\"elementor-element elementor-element-c747f94 elementor-widget elementor-widget-heading\" data-id=\"c747f94\" data-element_type=\"widget\" data-e-type=\"widget\" data-widget_type=\"heading.default\">\n\t\t\t\t<div class=\"elementor-widget-container\">\n\t\t\t\t\t<p class=\"elementor-heading-title elementor-size-default\">Vous \u00eates professionnel ou b\u00e9n\u00e9vole, vous avez d\u00e9j\u00e0 de l'exp\u00e9rience dans l'encadrement et l'animation de s\u00e9ances en Marche Nordique et vous manquez d'outils pour \u00e9toffer vos cours... <\/p>\t\t\t\t<\/div>\n\t\t\t\t<\/div>\n\t\t\t\t<div class=\"elementor-element elementor-element-af139be elementor-widget elementor-widget-heading\" data-id=\"af139be\" data-element_type=\"widget\" data-e-type=\"widget\" data-widget_type=\"heading.default\">\n\t\t\t\t<div class=\"elementor-widget-container\">\n\t\t\t\t\t<p class=\"elementor-heading-title elementor-size-default\">Vous trouverez dans ces stages p\u00e9dagogiques conviviaux et bienveillants, un large panel d'exercices et d'informations pour vous am\u00e9liorer et rebooster vos s\u00e9ances. Les stages vous permettront d'\u00e9changer avec d'autres coachs et d'enrichir votre propre p\u00e9dagogie gr\u00e2ce \u00e0 cette exp\u00e9rience crois\u00e9e. Vous am\u00e9liorerez votre pratique, vous pourrez varier vos s\u00e9ances et proposer des \u00e9volutions coh\u00e9rentes et ludiques.  <\/p>\t\t\t\t<\/div>\n\t\t\t\t<\/div>\n\t\t\t\t<div class=\"elementor-element elementor-element-06c6a0d elementor-widget elementor-widget-heading\" data-id=\"06c6a0d\" data-element_type=\"widget\" data-e-type=\"widget\" data-widget_type=\"heading.default\">\n\t\t\t\t<div class=\"elementor-widget-container\">\n\t\t\t\t\t<p class=\"elementor-heading-title elementor-size-default\">Vid\u00e9o gestuelle personnelle\/PowerPoint\/Cas d'\u00e9cole \/Livret p\u00e9dagogique BeNordic Spirit\u00ae\n<\/p>\t\t\t\t<\/div>\n\t\t\t\t<\/div>\n\t\t\t\t<div class=\"elementor-element elementor-element-ee8e1e8 elementor-widget elementor-widget-heading\" data-id=\"ee8e1e8\" data-element_type=\"widget\" data-e-type=\"widget\" data-widget_type=\"heading.default\">\n\t\t\t\t<div class=\"elementor-widget-container\">\n\t\t\t\t\t<p class=\"elementor-heading-title elementor-size-default\"><a href=\"http:\/\/benordicspirit-marchenordique.fr\/wp-content\/uploads\/2022\/12\/Stage-MN.png\">Prochain stage du 27 au 29 mars 2026 A BOLLENE<\/a><\/p>\t\t\t\t<\/div>\n\t\t\t\t<\/div>\n\t\t<div class=\"elementor-element elementor-element-3c4d5da e-con-full e-flex e-con e-child\" data-id=\"3c4d5da\" data-element_type=\"container\" data-e-type=\"container\">\n\t\t\t\t<div class=\"elementor-element elementor-element-768cb54 elementor-align-center elementor-widget elementor-widget-button\" data-id=\"768cb54\" data-element_type=\"widget\" data-e-type=\"widget\" data-widget_type=\"button.default\">\n\t\t\t\t<div class=\"elementor-widget-container\">\n\t\t\t\t\t\t\t\t\t<div class=\"elementor-button-wrapper\">\n\t\t\t\t\t<a class=\"elementor-button elementor-button-link elementor-size-sm\" href=\"http:\/\/benordicspirit-marchenordique.fr\/wp-content\/uploads\/2024\/10\/FICHIER2INSCRIPTIONSTAGEAVRIL2025-1.pdf\" target=\"_blank\">\n\t\t\t\t\t\t<span class=\"elementor-button-content-wrapper\">\n\t\t\t\t\t\t\t\t\t<span class=\"elementor-button-text\">Dossier d'inscription<\/span>\n\t\t\t\t\t<\/span>\n\t\t\t\t\t<\/a>\n\t\t\t\t<\/div>\n\t\t\t\t\t\t\t\t<\/div>\n\t\t\t\t<\/div>\n\t\t\t\t<\/div>\n\t\t\t\t<\/div>\n\t\t\t\t<\/div>\n\t\t\t\t<\/div>\n\t\t<div class=\"elementor-element elementor-element-3ffaa86 e-con-full e-flex e-con e-parent\" data-id=\"3ffaa86\" data-element_type=\"container\" data-e-type=\"container\">\n\t\t\t\t<div class=\"elementor-element elementor-element-f35577b elementor-arrows-position-inside elementor-pagination-position-outside elementor-widget elementor-widget-image-carousel\" data-id=\"f35577b\" data-element_type=\"widget\" data-e-type=\"widget\" data-settings=\"{&quot;slides_to_show&quot;:&quot;3&quot;,&quot;slides_to_scroll&quot;:&quot;3&quot;,&quot;autoplay_speed&quot;:3000,&quot;navigation&quot;:&quot;both&quot;,&quot;autoplay&quot;:&quot;yes&quot;,&quot;pause_on_hover&quot;:&quot;yes&quot;,&quot;pause_on_interaction&quot;:&quot;yes&quot;,&quot;infinite&quot;:&quot;yes&quot;,&quot;speed&quot;:500}\" data-widget_type=\"image-carousel.default\">\n\t\t\t\t<div class=\"elementor-widget-container\">\n\t\t\t\t\t\t\t<div class=\"elementor-image-carousel-wrapper swiper\" role=\"region\" aria-roledescription=\"carousel\" aria-label=\"Carrousel d\u2019images\" dir=\"ltr\">\n\t\t\t<div class=\"elementor-image-carousel swiper-wrapper\" aria-live=\"off\">\n\t\t\t\t\t\t\t\t<div class=\"swiper-slide\" role=\"group\" aria-roledescription=\"slide\" aria-label=\"1 sur 12\"><figure class=\"swiper-slide-inner\"><img decoding=\"async\" class=\"swiper-slide-image\" src=\"https:\/\/benordicspirit-marchenordique.fr\/wp-content\/uploads\/2022\/08\/P1010226.jpg\" alt=\"P1010226\" \/><\/figure><\/div><div class=\"swiper-slide\" role=\"group\" aria-roledescription=\"slide\" aria-label=\"2 sur 12\"><figure class=\"swiper-slide-inner\"><img decoding=\"async\" class=\"swiper-slide-image\" src=\"https:\/\/benordicspirit-marchenordique.fr\/wp-content\/uploads\/2022\/08\/P1010353.jpg\" alt=\"P1010353\" \/><\/figure><\/div><div class=\"swiper-slide\" role=\"group\" aria-roledescription=\"slide\" aria-label=\"3 sur 12\"><figure class=\"swiper-slide-inner\"><img decoding=\"async\" class=\"swiper-slide-image\" src=\"https:\/\/benordicspirit-marchenordique.fr\/wp-content\/uploads\/2022\/08\/P1010233.jpg\" alt=\"P1010233\" \/><\/figure><\/div><div class=\"swiper-slide\" role=\"group\" aria-roledescription=\"slide\" aria-label=\"4 sur 12\"><figure class=\"swiper-slide-inner\"><img decoding=\"async\" class=\"swiper-slide-image\" src=\"https:\/\/benordicspirit-marchenordique.fr\/wp-content\/uploads\/2022\/08\/P1010328-1.jpg\" alt=\"P1010328\" \/><\/figure><\/div><div class=\"swiper-slide\" role=\"group\" aria-roledescription=\"slide\" aria-label=\"5 sur 12\"><figure class=\"swiper-slide-inner\"><img decoding=\"async\" class=\"swiper-slide-image\" src=\"https:\/\/benordicspirit-marchenordique.fr\/wp-content\/uploads\/2022\/08\/P1010917.jpg\" alt=\"P1010917\" \/><\/figure><\/div><div class=\"swiper-slide\" role=\"group\" aria-roledescription=\"slide\" aria-label=\"6 sur 12\"><figure class=\"swiper-slide-inner\"><img decoding=\"async\" class=\"swiper-slide-image\" src=\"https:\/\/benordicspirit-marchenordique.fr\/wp-content\/uploads\/2022\/08\/P1020382.jpg\" alt=\"P1020382\" \/><\/figure><\/div><div class=\"swiper-slide\" role=\"group\" aria-roledescription=\"slide\" aria-label=\"7 sur 12\"><figure class=\"swiper-slide-inner\"><img decoding=\"async\" class=\"swiper-slide-image\" src=\"https:\/\/benordicspirit-marchenordique.fr\/wp-content\/uploads\/2022\/08\/P1020479-3.jpg\" alt=\"P1020479 (3)\" \/><\/figure><\/div><div class=\"swiper-slide\" role=\"group\" aria-roledescription=\"slide\" aria-label=\"8 sur 12\"><figure class=\"swiper-slide-inner\"><img decoding=\"async\" class=\"swiper-slide-image\" src=\"https:\/\/benordicspirit-marchenordique.fr\/wp-content\/uploads\/2022\/08\/P1010068.jpg\" alt=\"P1010068\" \/><\/figure><\/div><div class=\"swiper-slide\" role=\"group\" aria-roledescription=\"slide\" aria-label=\"9 sur 12\"><figure class=\"swiper-slide-inner\"><img decoding=\"async\" class=\"swiper-slide-image\" src=\"https:\/\/benordicspirit-marchenordique.fr\/wp-content\/uploads\/2022\/08\/P1010160.jpg\" alt=\"P1010160\" \/><\/figure><\/div><div class=\"swiper-slide\" role=\"group\" aria-roledescription=\"slide\" aria-label=\"10 sur 12\"><figure class=\"swiper-slide-inner\"><img decoding=\"async\" class=\"swiper-slide-image\" src=\"https:\/\/benordicspirit-marchenordique.fr\/wp-content\/uploads\/2022\/08\/P1010166.jpg\" alt=\"P1010166\" \/><\/figure><\/div><div class=\"swiper-slide\" role=\"group\" aria-roledescription=\"slide\" aria-label=\"11 sur 12\"><figure class=\"swiper-slide-inner\"><img decoding=\"async\" class=\"swiper-slide-image\" src=\"https:\/\/benordicspirit-marchenordique.fr\/wp-content\/uploads\/2022\/08\/P1020481-2.jpg\" alt=\"P1020481 (2)\" \/><\/figure><\/div><div class=\"swiper-slide\" role=\"group\" aria-roledescription=\"slide\" aria-label=\"12 sur 12\"><figure class=\"swiper-slide-inner\"><img decoding=\"async\" class=\"swiper-slide-image\" src=\"https:\/\/benordicspirit-marchenordique.fr\/wp-content\/uploads\/2022\/08\/P1010182.jpg\" alt=\"P1010182\" \/><\/figure><\/div>\t\t\t<\/div>\n\t\t\t\t\t\t\t\t\t\t\t\t<div class=\"elementor-swiper-button elementor-swiper-button-prev\" role=\"button\" tabindex=\"0\">\n\t\t\t\t\t\t<i aria-hidden=\"true\" class=\"eicon-chevron-left\"><\/i>\t\t\t\t\t<\/div>\n\t\t\t\t\t<div class=\"elementor-swiper-button elementor-swiper-button-next\" role=\"button\" tabindex=\"0\">\n\t\t\t\t\t\t<i aria-hidden=\"true\" class=\"eicon-chevron-right\"><\/i>\t\t\t\t\t<\/div>\n\t\t\t\t\n\t\t\t\t\t\t\t\t\t<div class=\"swiper-pagination\"><\/div>\n\t\t\t\t\t\t\t\t\t<\/div>\n\t\t\t\t\t\t<\/div>\n\t\t\t\t<\/div>\n\t\t\t\t<\/div>\n\t\t\t\t<\/div>\n\t\t","protected":false},"excerpt":{"rendered":"<p>STAGES STAGE PEDAGOGIQUE Vous \u00eates professionnel ou b\u00e9n\u00e9vole, vous avez d\u00e9j\u00e0 de l&rsquo;exp\u00e9rience dans l&rsquo;encadrement et l&rsquo;animation de s\u00e9ances en Marche Nordique et vous manquez d&rsquo;outils pour \u00e9toffer vos cours&#8230; Vous trouverez dans ces stages p\u00e9dagogiques conviviaux et bienveillants, un large panel d&rsquo;exercices et d&rsquo;informations pour vous am\u00e9liorer et rebooster vos s\u00e9ances. Les stages vous&hellip;&nbsp;<a href=\"https:\/\/benordicspirit-marchenordique.fr\/?page_id=655\" class=\"\" rel=\"bookmark\">Lire la suite &raquo;<span class=\"screen-reader-text\">Stages<\/span><\/a><\/p>\n","protected":false},"author":1,"featured_media":0,"parent":0,"menu_order":0,"comment_status":"closed","ping_status":"closed","template":"page-templates\/template-pagebuilder-full-width.php","meta":{"om_disable_all_campaigns":false,"_monsterinsights_skip_tracking":false,"_monsterinsights_sitenote_active":false,"_monsterinsights_sitenote_note":"","_monsterinsights_sitenote_category":0,"neve_meta_sidebar":"","neve_meta_container":"","neve_meta_enable_content_width":"","neve_meta_content_width":0,"neve_meta_title_alignment":"","neve_meta_author_avatar":"","neve_post_elements_order":"","neve_meta_disable_header":"","neve_meta_disable_footer":"","neve_meta_disable_title":"","footnotes":""},"class_list":["post-655","page","type-page","status-publish","hentry"],"aioseo_notices":[],"_links":{"self":[{"href":"https:\/\/benordicspirit-marchenordique.fr\/index.php?rest_route=\/wp\/v2\/pages\/655","targetHints":{"allow":["GET"]}}],"collection":[{"href":"https:\/\/benordicspirit-marchenordique.fr\/index.php?rest_route=\/wp\/v2\/pages"}],"about":[{"href":"https:\/\/benordicspirit-marchenordique.fr\/index.php?rest_route=\/wp\/v2\/types\/page"}],"author":[{"embeddable":true,"href":"https:\/\/benordicspirit-marchenordique.fr\/index.php?rest_route=\/wp\/v2\/users\/1"}],"replies":[{"embeddable":true,"href":"https:\/\/benordicspirit-marchenordique.fr\/index.php?rest_route=%2Fwp%2Fv2%2Fcomments&post=655"}],"version-history":[{"count":114,"href":"https:\/\/benordicspirit-marchenordique.fr\/index.php?rest_route=\/wp\/v2\/pages\/655\/revisions"}],"predecessor-version":[{"id":2525,"href":"https:\/\/benordicspirit-marchenordique.fr\/index.php?rest_route=\/wp\/v2\/pages\/655\/revisions\/2525"}],"wp:attachment":[{"href":"https:\/\/benordicspirit-marchenordique.fr\/index.php?rest_route=%2Fwp%2Fv2%2Fmedia&parent=655"}],"curies":[{"name":"wp","href":"https:\/\/api.w.org\/{rel}","templated":true}]}}