{"id":657,"date":"2022-07-31T13:59:54","date_gmt":"2022-07-31T13:59:54","guid":{"rendered":"https:\/\/benordicspirit-marchenordique.fr\/?page_id=657"},"modified":"2025-12-07T16:51:45","modified_gmt":"2025-12-07T16:51:45","slug":"journees-techniques","status":"publish","type":"page","link":"https:\/\/benordicspirit-marchenordique.fr\/?page_id=657","title":{"rendered":"Journ\u00e9es Techniques"},"content":{"rendered":"\t\t<div data-elementor-type=\"wp-page\" data-elementor-id=\"657\" class=\"elementor elementor-657\">\n\t\t\t\t<div class=\"elementor-element elementor-element-412566a e-con-full e-flex e-con e-parent\" data-id=\"412566a\" data-element_type=\"container\" data-e-type=\"container\" data-settings=\"{&quot;background_background&quot;:&quot;classic&quot;}\">\n\t\t\t\t<div class=\"elementor-element elementor-element-20f73f7 elementor-widget elementor-widget-heading\" data-id=\"20f73f7\" data-element_type=\"widget\" data-e-type=\"widget\" data-widget_type=\"heading.default\">\n\t\t\t\t<div class=\"elementor-widget-container\">\n\t\t\t\t\t<h2 class=\"elementor-heading-title elementor-size-default\">JOURNEES TECHNIQUES<\/h2>\t\t\t\t<\/div>\n\t\t\t\t<\/div>\n\t\t\t\t<\/div>\n\t\t<div class=\"elementor-element elementor-element-53f6b7f e-con-full e-flex e-con e-parent\" data-id=\"53f6b7f\" data-element_type=\"container\" data-e-type=\"container\">\n\t\t<div class=\"elementor-element elementor-element-590a8a2 e-con-full e-flex e-con e-child\" data-id=\"590a8a2\" data-element_type=\"container\" data-e-type=\"container\" data-settings=\"{&quot;background_background&quot;:&quot;classic&quot;}\">\n\t\t\t\t<div class=\"elementor-element elementor-element-01e26ca elementor-widget elementor-widget-heading\" data-id=\"01e26ca\" data-element_type=\"widget\" data-e-type=\"widget\" data-widget_type=\"heading.default\">\n\t\t\t\t<div class=\"elementor-widget-container\">\n\t\t\t\t\t<h2 class=\"elementor-heading-title elementor-size-default\">UNE JOURNEE TECHNIQUE POUR TOUS<\/h2>\t\t\t\t<\/div>\n\t\t\t\t<\/div>\n\t\t<div class=\"elementor-element elementor-element-07b3005 e-con-full e-flex e-con e-child\" data-id=\"07b3005\" data-element_type=\"container\" data-e-type=\"container\">\n\t\t\t\t<div class=\"elementor-element elementor-element-711068f elementor-widget elementor-widget-heading\" data-id=\"711068f\" data-element_type=\"widget\" data-e-type=\"widget\" data-widget_type=\"heading.default\">\n\t\t\t\t<div class=\"elementor-widget-container\">\n\t\t\t\t\t<p class=\"elementor-heading-title elementor-size-default\">La marche nordique s'apprend, devenez acteur de votre changement pour ressentir le Flow. Un sentiment de bonheur et d\u2019accomplissement gr\u00e2ce \u00e0 la belle gestuelle, votre corps et votre esprit sont en harmonie.<\/p>\t\t\t\t<\/div>\n\t\t\t\t<\/div>\n\t\t\t\t<div class=\"elementor-element elementor-element-d214c2c elementor-widget elementor-widget-heading\" data-id=\"d214c2c\" data-element_type=\"widget\" data-e-type=\"widget\" data-widget_type=\"heading.default\">\n\t\t\t\t<div class=\"elementor-widget-container\">\n\t\t\t\t\t<p class=\"elementor-heading-title elementor-size-default\">Vous avez envie de progresser et vous cherchez un coach exp\u00e9riment\u00e9 pour optimiser votre technique. Vous \u00eates en petit groupe de 5\/6 personnes maximum, une journ\u00e9e d'expertise pour am\u00e9liorer votre gestuelle.<\/p>\t\t\t\t<\/div>\n\t\t\t\t<\/div>\n\t\t\t\t<div class=\"elementor-element elementor-element-c2e0656 elementor-widget elementor-widget-heading\" data-id=\"c2e0656\" data-element_type=\"widget\" data-e-type=\"widget\" data-widget_type=\"heading.default\">\n\t\t\t\t<div class=\"elementor-widget-container\">\n\t\t\t\t\t<p class=\"elementor-heading-title elementor-size-default\">La matin\u00e9e est consacr\u00e9e \u00e0 l'analyse technique avec un support vid\u00e9o et les exercices de la technique A.T.2P\u00ae, l'exercice ligne de main\u00ae\ufe0f. L'apr\u00e8s-midi une marche en pleine nature avec des conseils personnalis\u00e9s pour mettre en application les nouvelles acquisitions.<\/p>\t\t\t\t<\/div>\n\t\t\t\t<\/div>\n\t\t\t\t<div class=\"elementor-element elementor-element-f2494fc elementor-widget elementor-widget-heading\" data-id=\"f2494fc\" data-element_type=\"widget\" data-e-type=\"widget\" data-widget_type=\"heading.default\">\n\t\t\t\t<div class=\"elementor-widget-container\">\n\t\t\t\t\t<p class=\"elementor-heading-title elementor-size-default\">A Boll\u00e8ne de 9h \u00e0 16h (d\u00e9jeuner compris dans la prestation)<\/p>\t\t\t\t<\/div>\n\t\t\t\t<\/div>\n\t\t<div class=\"elementor-element elementor-element-1ad0de3 e-con-full e-flex e-con e-child\" data-id=\"1ad0de3\" data-element_type=\"container\" data-e-type=\"container\">\n\t\t\t\t<div class=\"elementor-element elementor-element-610447c elementor-align-center elementor-widget elementor-widget-button\" data-id=\"610447c\" data-element_type=\"widget\" data-e-type=\"widget\" data-widget_type=\"button.default\">\n\t\t\t\t<div class=\"elementor-widget-container\">\n\t\t\t\t\t\t\t\t\t<div class=\"elementor-button-wrapper\">\n\t\t\t\t\t<a class=\"elementor-button elementor-button-link elementor-size-sm\" href=\"http:\/\/benordicspirit-marchenordique.fr\/wp-content\/uploads\/2023\/04\/FICHEINSCRIPTIONJOURNEETECH2023.pdf\">\n\t\t\t\t\t\t<span class=\"elementor-button-content-wrapper\">\n\t\t\t\t\t\t\t\t\t<span class=\"elementor-button-text\">Dossier d'inscription<\/span>\n\t\t\t\t\t<\/span>\n\t\t\t\t\t<\/a>\n\t\t\t\t<\/div>\n\t\t\t\t\t\t\t\t<\/div>\n\t\t\t\t<\/div>\n\t\t\t\t<\/div>\n\t\t\t\t<\/div>\n\t\t\t\t<\/div>\n\t\t<div class=\"elementor-element elementor-element-0eed0dd e-con-full e-flex e-con e-child\" data-id=\"0eed0dd\" data-element_type=\"container\" data-e-type=\"container\" data-settings=\"{&quot;background_background&quot;:&quot;classic&quot;}\">\n\t\t<div class=\"elementor-element elementor-element-6b82339 e-con-full e-flex e-con e-child\" data-id=\"6b82339\" data-element_type=\"container\" data-e-type=\"container\">\n\t\t\t\t<div class=\"elementor-element elementor-element-44ec2a5 elementor-widget elementor-widget-image\" data-id=\"44ec2a5\" data-element_type=\"widget\" data-e-type=\"widget\" data-widget_type=\"image.default\">\n\t\t\t\t<div class=\"elementor-widget-container\">\n\t\t\t\t\t\t\t\t\t\t\t\t\t\t\t<img fetchpriority=\"high\" decoding=\"async\" width=\"1414\" height=\"2000\" src=\"https:\/\/benordicspirit-marchenordique.fr\/wp-content\/uploads\/2025\/12\/agenda-journee-technique-6.jpg\" class=\"attachment-full size-full wp-image-2526\" alt=\"\" srcset=\"https:\/\/benordicspirit-marchenordique.fr\/wp-content\/uploads\/2025\/12\/agenda-journee-technique-6.jpg 1414w, https:\/\/benordicspirit-marchenordique.fr\/wp-content\/uploads\/2025\/12\/agenda-journee-technique-6-212x300.jpg 212w, https:\/\/benordicspirit-marchenordique.fr\/wp-content\/uploads\/2025\/12\/agenda-journee-technique-6-724x1024.jpg 724w, https:\/\/benordicspirit-marchenordique.fr\/wp-content\/uploads\/2025\/12\/agenda-journee-technique-6-768x1086.jpg 768w, https:\/\/benordicspirit-marchenordique.fr\/wp-content\/uploads\/2025\/12\/agenda-journee-technique-6-1086x1536.jpg 1086w\" sizes=\"(max-width: 1414px) 100vw, 1414px\" \/>\t\t\t\t\t\t\t\t\t\t\t\t\t\t\t<\/div>\n\t\t\t\t<\/div>\n\t\t\t\t<\/div>\n\t\t\t\t<\/div>\n\t\t\t\t<\/div>\n\t\t<div class=\"elementor-element elementor-element-ebe5fdc e-con-full e-flex e-con e-parent\" data-id=\"ebe5fdc\" data-element_type=\"container\" data-e-type=\"container\">\n\t\t\t\t<div class=\"elementor-element elementor-element-92c88e4 elementor-arrows-position-inside elementor-pagination-position-outside elementor-widget elementor-widget-image-carousel\" data-id=\"92c88e4\" data-element_type=\"widget\" data-e-type=\"widget\" data-settings=\"{&quot;autoplay_speed&quot;:3000,&quot;slides_to_scroll&quot;:&quot;3&quot;,&quot;navigation&quot;:&quot;both&quot;,&quot;autoplay&quot;:&quot;yes&quot;,&quot;pause_on_hover&quot;:&quot;yes&quot;,&quot;pause_on_interaction&quot;:&quot;yes&quot;,&quot;infinite&quot;:&quot;yes&quot;,&quot;speed&quot;:500}\" data-widget_type=\"image-carousel.default\">\n\t\t\t\t<div class=\"elementor-widget-container\">\n\t\t\t\t\t\t\t<div class=\"elementor-image-carousel-wrapper swiper\" role=\"region\" aria-roledescription=\"carousel\" aria-label=\"Carrousel d\u2019images\" dir=\"ltr\">\n\t\t\t<div class=\"elementor-image-carousel swiper-wrapper\" aria-live=\"off\">\n\t\t\t\t\t\t\t\t<div class=\"swiper-slide\" role=\"group\" aria-roledescription=\"slide\" aria-label=\"1 sur 4\"><figure class=\"swiper-slide-inner\"><img decoding=\"async\" class=\"swiper-slide-image\" src=\"https:\/\/benordicspirit-marchenordique.fr\/wp-content\/uploads\/2023\/08\/schema-poussee.png\" alt=\"sch\u00e9ma poussee\" \/><\/figure><\/div><div class=\"swiper-slide\" role=\"group\" aria-roledescription=\"slide\" aria-label=\"2 sur 4\"><figure class=\"swiper-slide-inner\"><img decoding=\"async\" class=\"swiper-slide-image\" src=\"https:\/\/benordicspirit-marchenordique.fr\/wp-content\/uploads\/2022\/08\/P1020775.jpg\" alt=\"P1020775\" \/><\/figure><\/div><div class=\"swiper-slide\" role=\"group\" aria-roledescription=\"slide\" aria-label=\"3 sur 4\"><figure class=\"swiper-slide-inner\"><img decoding=\"async\" class=\"swiper-slide-image\" src=\"https:\/\/benordicspirit-marchenordique.fr\/wp-content\/uploads\/2023\/08\/JOURN2E-2-scaled.jpg\" alt=\"JOURN2E 2\" \/><\/figure><\/div><div class=\"swiper-slide\" role=\"group\" aria-roledescription=\"slide\" aria-label=\"4 sur 4\"><figure class=\"swiper-slide-inner\"><img decoding=\"async\" class=\"swiper-slide-image\" src=\"https:\/\/benordicspirit-marchenordique.fr\/wp-content\/uploads\/2022\/08\/P1020011-3.jpg\" alt=\"P1020011 (3)\" \/><\/figure><\/div>\t\t\t<\/div>\n\t\t\t\t\t\t\t\t\t\t\t\t<div class=\"elementor-swiper-button elementor-swiper-button-prev\" role=\"button\" tabindex=\"0\">\n\t\t\t\t\t\t<i aria-hidden=\"true\" class=\"eicon-chevron-left\"><\/i>\t\t\t\t\t<\/div>\n\t\t\t\t\t<div class=\"elementor-swiper-button elementor-swiper-button-next\" role=\"button\" tabindex=\"0\">\n\t\t\t\t\t\t<i aria-hidden=\"true\" class=\"eicon-chevron-right\"><\/i>\t\t\t\t\t<\/div>\n\t\t\t\t\n\t\t\t\t\t\t\t\t\t<div class=\"swiper-pagination\"><\/div>\n\t\t\t\t\t\t\t\t\t<\/div>\n\t\t\t\t\t\t<\/div>\n\t\t\t\t<\/div>\n\t\t\t\t<\/div>\n\t\t\t\t<\/div>\n\t\t","protected":false},"excerpt":{"rendered":"<p>JOURNEES TECHNIQUES UNE JOURNEE TECHNIQUE POUR TOUS La marche nordique s&rsquo;apprend, devenez acteur de votre changement pour ressentir le Flow. Un sentiment de bonheur et d\u2019accomplissement gr\u00e2ce \u00e0 la belle gestuelle, votre corps et votre esprit sont en harmonie. Vous avez envie de progresser et vous cherchez un coach exp\u00e9riment\u00e9 pour optimiser votre technique. Vous&hellip;&nbsp;<a href=\"https:\/\/benordicspirit-marchenordique.fr\/?page_id=657\" class=\"\" rel=\"bookmark\">Lire la suite &raquo;<span class=\"screen-reader-text\">Journ\u00e9es Techniques<\/span><\/a><\/p>\n","protected":false},"author":1,"featured_media":0,"parent":0,"menu_order":0,"comment_status":"closed","ping_status":"closed","template":"page-templates\/template-pagebuilder-full-width.php","meta":{"om_disable_all_campaigns":false,"_monsterinsights_skip_tracking":false,"_monsterinsights_sitenote_active":false,"_monsterinsights_sitenote_note":"","_monsterinsights_sitenote_category":0,"neve_meta_sidebar":"","neve_meta_container":"","neve_meta_enable_content_width":"","neve_meta_content_width":0,"neve_meta_title_alignment":"","neve_meta_author_avatar":"","neve_post_elements_order":"","neve_meta_disable_header":"","neve_meta_disable_footer":"","neve_meta_disable_title":"","footnotes":""},"class_list":["post-657","page","type-page","status-publish","hentry"],"aioseo_notices":[],"_links":{"self":[{"href":"https:\/\/benordicspirit-marchenordique.fr\/index.php?rest_route=\/wp\/v2\/pages\/657","targetHints":{"allow":["GET"]}}],"collection":[{"href":"https:\/\/benordicspirit-marchenordique.fr\/index.php?rest_route=\/wp\/v2\/pages"}],"about":[{"href":"https:\/\/benordicspirit-marchenordique.fr\/index.php?rest_route=\/wp\/v2\/types\/page"}],"author":[{"embeddable":true,"href":"https:\/\/benordicspirit-marchenordique.fr\/index.php?rest_route=\/wp\/v2\/users\/1"}],"replies":[{"embeddable":true,"href":"https:\/\/benordicspirit-marchenordique.fr\/index.php?rest_route=%2Fwp%2Fv2%2Fcomments&post=657"}],"version-history":[{"count":137,"href":"https:\/\/benordicspirit-marchenordique.fr\/index.php?rest_route=\/wp\/v2\/pages\/657\/revisions"}],"predecessor-version":[{"id":2529,"href":"https:\/\/benordicspirit-marchenordique.fr\/index.php?rest_route=\/wp\/v2\/pages\/657\/revisions\/2529"}],"wp:attachment":[{"href":"https:\/\/benordicspirit-marchenordique.fr\/index.php?rest_route=%2Fwp%2Fv2%2Fmedia&parent=657"}],"curies":[{"name":"wp","href":"https:\/\/api.w.org\/{rel}","templated":true}]}}