{"id":659,"date":"2022-07-31T14:00:11","date_gmt":"2022-07-31T14:00:11","guid":{"rendered":"https:\/\/benordicspirit-marchenordique.fr\/?page_id=659"},"modified":"2025-11-04T12:11:22","modified_gmt":"2025-11-04T12:11:22","slug":"sejours","status":"publish","type":"page","link":"https:\/\/benordicspirit-marchenordique.fr\/?page_id=659","title":{"rendered":"S\u00e9jours"},"content":{"rendered":"\t\t<div data-elementor-type=\"wp-page\" data-elementor-id=\"659\" class=\"elementor elementor-659\">\n\t\t\t\t<div class=\"elementor-element elementor-element-8e1de73 e-con-full e-flex e-con e-parent\" data-id=\"8e1de73\" data-element_type=\"container\" data-e-type=\"container\" data-settings=\"{&quot;background_background&quot;:&quot;classic&quot;}\">\n\t\t\t\t<div class=\"elementor-element elementor-element-acb492c elementor-widget elementor-widget-heading\" data-id=\"acb492c\" data-element_type=\"widget\" data-e-type=\"widget\" data-widget_type=\"heading.default\">\n\t\t\t\t<div class=\"elementor-widget-container\">\n\t\t\t\t\t<h2 class=\"elementor-heading-title elementor-size-default\">SEJOURS<\/h2>\t\t\t\t<\/div>\n\t\t\t\t<\/div>\n\t\t\t\t<\/div>\n\t\t<div class=\"elementor-element elementor-element-e02c787 e-con-full e-flex e-con e-parent\" data-id=\"e02c787\" data-element_type=\"container\" data-e-type=\"container\">\n\t\t<div class=\"elementor-element elementor-element-e686a6d e-con-full e-flex e-con e-child\" data-id=\"e686a6d\" data-element_type=\"container\" data-e-type=\"container\" data-settings=\"{&quot;background_background&quot;:&quot;classic&quot;}\">\n\t\t\t\t<div class=\"elementor-element elementor-element-40eb8c8 elementor-widget elementor-widget-heading\" data-id=\"40eb8c8\" data-element_type=\"widget\" data-e-type=\"widget\" data-widget_type=\"heading.default\">\n\t\t\t\t<div class=\"elementor-widget-container\">\n\t\t\t\t\t<h2 class=\"elementor-heading-title elementor-size-default\">DE BEAUX SEJOURS POUR TOUS <\/h2>\t\t\t\t<\/div>\n\t\t\t\t<\/div>\n\t\t<div class=\"elementor-element elementor-element-c917fed e-con-full e-flex e-con e-child\" data-id=\"c917fed\" data-element_type=\"container\" data-e-type=\"container\">\n\t\t\t\t<div class=\"elementor-element elementor-element-9a76f82 elementor-widget elementor-widget-heading\" data-id=\"9a76f82\" data-element_type=\"widget\" data-e-type=\"widget\" data-widget_type=\"heading.default\">\n\t\t\t\t<div class=\"elementor-widget-container\">\n\t\t\t\t\t<p class=\"elementor-heading-title elementor-size-default\">Vous \u00eates passionn\u00e9s de marche nordique et vous souhaitez vivre des moments conviviaux tout en pratiquant votre art. <\/p>\t\t\t\t<\/div>\n\t\t\t\t<\/div>\n\t\t\t\t<div class=\"elementor-element elementor-element-16dba28 elementor-widget elementor-widget-heading\" data-id=\"16dba28\" data-element_type=\"widget\" data-e-type=\"widget\" data-widget_type=\"heading.default\">\n\t\t\t\t<div class=\"elementor-widget-container\">\n\t\t\t\t\t<p class=\"elementor-heading-title elementor-size-default\">Nous vous proposons un cocktail de bonheur : de beaux parcours, du plaisir et du partage.<\/p>\t\t\t\t<\/div>\n\t\t\t\t<\/div>\n\t\t\t\t<div class=\"elementor-element elementor-element-9e65d42 elementor-widget elementor-widget-heading\" data-id=\"9e65d42\" data-element_type=\"widget\" data-e-type=\"widget\" data-widget_type=\"heading.default\">\n\t\t\t\t<div class=\"elementor-widget-container\">\n\t\t\t\t\t<p class=\"elementor-heading-title elementor-size-default\">Laissez vous guider par nos coachs exp\u00e9riment\u00e9s qui vous ont concoct\u00e9s de beaux programmes (voir ci-dessous).<\/p>\t\t\t\t<\/div>\n\t\t\t\t<\/div>\n\t\t\t\t<\/div>\n\t\t\t\t<\/div>\n\t\t<div class=\"elementor-element elementor-element-7603086 e-con-full e-flex e-con e-child\" data-id=\"7603086\" data-element_type=\"container\" data-e-type=\"container\" data-settings=\"{&quot;background_background&quot;:&quot;classic&quot;}\">\n\t\t<div class=\"elementor-element elementor-element-5e02810 e-con-full e-flex e-con e-child\" data-id=\"5e02810\" data-element_type=\"container\" data-e-type=\"container\">\n\t\t\t\t<div class=\"elementor-element elementor-element-758960b elementor-widget elementor-widget-image\" data-id=\"758960b\" data-element_type=\"widget\" data-e-type=\"widget\" data-widget_type=\"image.default\">\n\t\t\t\t<div class=\"elementor-widget-container\">\n\t\t\t\t\t\t\t\t\t\t\t\t\t\t\t<img fetchpriority=\"high\" decoding=\"async\" width=\"1080\" height=\"1920\" src=\"https:\/\/benordicspirit-marchenordique.fr\/wp-content\/uploads\/2023\/08\/beamouv.jpg\" class=\"attachment-full size-full wp-image-2184\" alt=\"\" srcset=\"https:\/\/benordicspirit-marchenordique.fr\/wp-content\/uploads\/2023\/08\/beamouv.jpg 1080w, https:\/\/benordicspirit-marchenordique.fr\/wp-content\/uploads\/2023\/08\/beamouv-169x300.jpg 169w, https:\/\/benordicspirit-marchenordique.fr\/wp-content\/uploads\/2023\/08\/beamouv-576x1024.jpg 576w, https:\/\/benordicspirit-marchenordique.fr\/wp-content\/uploads\/2023\/08\/beamouv-768x1365.jpg 768w, https:\/\/benordicspirit-marchenordique.fr\/wp-content\/uploads\/2023\/08\/beamouv-864x1536.jpg 864w\" sizes=\"(max-width: 1080px) 100vw, 1080px\" \/>\t\t\t\t\t\t\t\t\t\t\t\t\t\t\t<\/div>\n\t\t\t\t<\/div>\n\t\t\t\t<\/div>\n\t\t\t\t<\/div>\n\t\t\t\t<\/div>\n\t\t<div class=\"elementor-element elementor-element-cc196fe e-flex e-con-boxed e-con e-parent\" data-id=\"cc196fe\" data-element_type=\"container\" data-e-type=\"container\">\n\t\t\t\t\t<div class=\"e-con-inner\">\n\t\t<div class=\"elementor-element elementor-element-91e45d9 e-con-full e-flex e-con e-child\" data-id=\"91e45d9\" data-element_type=\"container\" data-e-type=\"container\">\n\t\t\t\t<div class=\"elementor-element elementor-element-4f714a2 elementor-widget elementor-widget-heading\" data-id=\"4f714a2\" data-element_type=\"widget\" data-e-type=\"widget\" data-widget_type=\"heading.default\">\n\t\t\t\t<div class=\"elementor-widget-container\">\n\t\t\t\t\t<h2 class=\"elementor-heading-title elementor-size-default\">Nous vous proposons un s\u00e9jour, du 9 au 12 Avril 2026, alliant marche nordique et les plaisirs de la Provence.<\/h2>\t\t\t\t<\/div>\n\t\t\t\t<\/div>\n\t\t\t\t<div class=\"elementor-element elementor-element-b41b1e0 elementor-widget elementor-widget-heading\" data-id=\"b41b1e0\" data-element_type=\"widget\" data-e-type=\"widget\" data-widget_type=\"heading.default\">\n\t\t\t\t<div class=\"elementor-widget-container\">\n\t\t\t\t\t<h2 class=\"elementor-heading-title elementor-size-default\">Nous logerons dans une magnifique maison d'h\u00f4te datant du XVI\u00e8me si\u00e8cle \u00e0 proximit\u00e9 de Goudargues \"la petite venise gardoise\"<\/h2>\t\t\t\t<\/div>\n\t\t\t\t<\/div>\n\t\t\t\t<div class=\"elementor-element elementor-element-7e5098e elementor-widget elementor-widget-heading\" data-id=\"7e5098e\" data-element_type=\"widget\" data-e-type=\"widget\" data-widget_type=\"heading.default\">\n\t\t\t\t<div class=\"elementor-widget-container\">\n\t\t\t\t\t<h2 class=\"elementor-heading-title elementor-size-default\">Les parcours sont nombreux et vous profiterez de cette p\u00e9riode tr\u00e8s agr\u00e9able pour l'activit\u00e9 physique :<\/h2>\t\t\t\t<\/div>\n\t\t\t\t<\/div>\n\t\t\t\t<div class=\"elementor-element elementor-element-1323d8c elementor-widget elementor-widget-heading\" data-id=\"1323d8c\" data-element_type=\"widget\" data-e-type=\"widget\" data-widget_type=\"heading.default\">\n\t\t\t\t<div class=\"elementor-widget-container\">\n\t\t\t\t\t<h2 class=\"elementor-heading-title elementor-size-default\">- Bien-\u00eatre en lien avec les sens (les odeurs, les paysages)<\/h2>\t\t\t\t<\/div>\n\t\t\t\t<\/div>\n\t\t\t\t<div class=\"elementor-element elementor-element-0b9839b elementor-widget elementor-widget-heading\" data-id=\"0b9839b\" data-element_type=\"widget\" data-e-type=\"widget\" data-widget_type=\"heading.default\">\n\t\t\t\t<div class=\"elementor-widget-container\">\n\t\t\t\t\t<h2 class=\"elementor-heading-title elementor-size-default\">- Partage de moments conviviaux dans une r\u00e9gion propice \u00e0 de bonnes d\u00e9gustations<\/h2>\t\t\t\t<\/div>\n\t\t\t\t<\/div>\n\t\t\t\t<div class=\"elementor-element elementor-element-24f261d elementor-widget elementor-widget-heading\" data-id=\"24f261d\" data-element_type=\"widget\" data-e-type=\"widget\" data-widget_type=\"heading.default\">\n\t\t\t\t<div class=\"elementor-widget-container\">\n\t\t\t\t\t<h2 class=\"elementor-heading-title elementor-size-default\">- Sportif avec des parcours vari\u00e9s, encadr\u00e9s par David et moi-m\u00eame. Nous vous donnerons les conseils techniques pour profiter au maximum des bienfaits de la marche nordique et optimiser votre pratique<\/h2>\t\t\t\t<\/div>\n\t\t\t\t<\/div>\n\t\t<div class=\"elementor-element elementor-element-ef8ffd0 e-con-full e-flex e-con e-child\" data-id=\"ef8ffd0\" data-element_type=\"container\" data-e-type=\"container\">\n\t\t\t\t<div class=\"elementor-element elementor-element-ae44976 elementor-align-center elementor-widget elementor-widget-button\" data-id=\"ae44976\" data-element_type=\"widget\" data-e-type=\"widget\" data-widget_type=\"button.default\">\n\t\t\t\t<div class=\"elementor-widget-container\">\n\t\t\t\t\t\t\t\t\t<div class=\"elementor-button-wrapper\">\n\t\t\t\t\t<a class=\"elementor-button elementor-button-link elementor-size-sm\" href=\"http:\/\/benordicspirit-marchenordique.fr\/wp-content\/uploads\/2025\/08\/FICHIERINSCRIPTIONSEJOURGOUDARGUES2026.pdf\" target=\"_blank\">\n\t\t\t\t\t\t<span class=\"elementor-button-content-wrapper\">\n\t\t\t\t\t\t\t\t\t<span class=\"elementor-button-text\">Dossier d'inscription<\/span>\n\t\t\t\t\t<\/span>\n\t\t\t\t\t<\/a>\n\t\t\t\t<\/div>\n\t\t\t\t\t\t\t\t<\/div>\n\t\t\t\t<\/div>\n\t\t\t\t<\/div>\n\t\t\t\t<\/div>\n\t\t<div class=\"elementor-element elementor-element-96f97a7 e-con-full e-flex e-con e-child\" data-id=\"96f97a7\" data-element_type=\"container\" data-e-type=\"container\">\n\t\t\t\t<div class=\"elementor-element elementor-element-47a41e2 elementor-widget elementor-widget-image\" data-id=\"47a41e2\" data-element_type=\"widget\" data-e-type=\"widget\" data-widget_type=\"image.default\">\n\t\t\t\t<div class=\"elementor-widget-container\">\n\t\t\t\t\t\t\t\t\t\t\t\t\t\t\t<img decoding=\"async\" width=\"1080\" height=\"1080\" src=\"https:\/\/benordicspirit-marchenordique.fr\/wp-content\/uploads\/2025\/08\/GOUDARGUES_2026.jpg\" class=\"attachment-full size-full wp-image-2490\" alt=\"\" srcset=\"https:\/\/benordicspirit-marchenordique.fr\/wp-content\/uploads\/2025\/08\/GOUDARGUES_2026.jpg 1080w, https:\/\/benordicspirit-marchenordique.fr\/wp-content\/uploads\/2025\/08\/GOUDARGUES_2026-300x300.jpg 300w, https:\/\/benordicspirit-marchenordique.fr\/wp-content\/uploads\/2025\/08\/GOUDARGUES_2026-1024x1024.jpg 1024w, https:\/\/benordicspirit-marchenordique.fr\/wp-content\/uploads\/2025\/08\/GOUDARGUES_2026-150x150.jpg 150w, https:\/\/benordicspirit-marchenordique.fr\/wp-content\/uploads\/2025\/08\/GOUDARGUES_2026-768x768.jpg 768w\" sizes=\"(max-width: 1080px) 100vw, 1080px\" \/>\t\t\t\t\t\t\t\t\t\t\t\t\t\t\t<\/div>\n\t\t\t\t<\/div>\n\t\t\t\t<\/div>\n\t\t\t\t\t<\/div>\n\t\t\t\t<\/div>\n\t\t<div class=\"elementor-element elementor-element-a1fe16d e-con-full e-flex e-con e-parent\" data-id=\"a1fe16d\" data-element_type=\"container\" data-e-type=\"container\">\n\t\t\t\t<div class=\"elementor-element elementor-element-d2cf631 elementor-widget elementor-widget-image\" data-id=\"d2cf631\" data-element_type=\"widget\" data-e-type=\"widget\" data-widget_type=\"image.default\">\n\t\t\t\t<div class=\"elementor-widget-container\">\n\t\t\t\t\t\t\t\t\t\t\t\t\t\t\t<img decoding=\"async\" width=\"1414\" height=\"2000\" src=\"https:\/\/benordicspirit-marchenordique.fr\/wp-content\/uploads\/2025\/11\/573552912_3068304973365365_3100980467840864324_n.jpg\" class=\"attachment-full size-full wp-image-2505\" alt=\"\" srcset=\"https:\/\/benordicspirit-marchenordique.fr\/wp-content\/uploads\/2025\/11\/573552912_3068304973365365_3100980467840864324_n.jpg 1414w, https:\/\/benordicspirit-marchenordique.fr\/wp-content\/uploads\/2025\/11\/573552912_3068304973365365_3100980467840864324_n-212x300.jpg 212w, https:\/\/benordicspirit-marchenordique.fr\/wp-content\/uploads\/2025\/11\/573552912_3068304973365365_3100980467840864324_n-724x1024.jpg 724w, https:\/\/benordicspirit-marchenordique.fr\/wp-content\/uploads\/2025\/11\/573552912_3068304973365365_3100980467840864324_n-768x1086.jpg 768w, https:\/\/benordicspirit-marchenordique.fr\/wp-content\/uploads\/2025\/11\/573552912_3068304973365365_3100980467840864324_n-1086x1536.jpg 1086w\" sizes=\"(max-width: 1414px) 100vw, 1414px\" \/>\t\t\t\t\t\t\t\t\t\t\t\t\t\t\t<\/div>\n\t\t\t\t<\/div>\n\t\t<div class=\"elementor-element elementor-element-eefc7fd e-con-full e-flex e-con e-child\" data-id=\"eefc7fd\" data-element_type=\"container\" data-e-type=\"container\" data-settings=\"{&quot;background_background&quot;:&quot;classic&quot;}\">\n\t\t\t\t<div class=\"elementor-element elementor-element-00301ab elementor-widget elementor-widget-heading\" data-id=\"00301ab\" data-element_type=\"widget\" data-e-type=\"widget\" data-widget_type=\"heading.default\">\n\t\t\t\t<div class=\"elementor-widget-container\">\n\t\t\t\t\t<h2 class=\"elementor-heading-title elementor-size-default\"><br><br>31 mai au 5 juin 2026 St Geni\u00e8s -Dordogne<br><br>15% sur le tarif du mobil home pour inscription avant le 31\/01\/2026<br><br>10% sur la prestation s\u00e9jour (350 euros-10%) si vous avez d\u00e9j\u00e0 particip\u00e9 \u00e0 nos s\u00e9jours, journ\u00e9es techniques ou stages.<\/h2>\t\t\t\t<\/div>\n\t\t\t\t<\/div>\n\t\t\t\t<div class=\"elementor-element elementor-element-fd082eb elementor-widget elementor-widget-heading\" data-id=\"fd082eb\" data-element_type=\"widget\" data-e-type=\"widget\" data-widget_type=\"heading.default\">\n\t\t\t\t<div class=\"elementor-widget-container\">\n\t\t\t\t\t<h2 class=\"elementor-heading-title elementor-size-default\">Vous pouvez venir en couple, entre amis ou en club. Vous r\u00e9servez un mobil home au tarif s\u00e9jour marche nordique (voir flyer) avec Eden Village.<br>Possibilit\u00e9 de loger \u00e0 1,2 3 , 4 ou 5 personnes  en fonction du mobil home, vous preferez venir en camping car vous aurez un tarif pr\u00e9f\u00e9rentiel pour votre emplacement.<\/h2>\t\t\t\t<\/div>\n\t\t\t\t<\/div>\n\t\t\t\t<div class=\"elementor-element elementor-element-0c6a208 elementor-widget elementor-widget-heading\" data-id=\"0c6a208\" data-element_type=\"widget\" data-e-type=\"widget\" data-widget_type=\"heading.default\">\n\t\t\t\t<div class=\"elementor-widget-container\">\n\t\t\t\t\t<h2 class=\"elementor-heading-title elementor-size-default\">Venez profiter des infrastructures du club 4 \/5 \u00e9toiles<\/h2>\t\t\t\t<\/div>\n\t\t\t\t<\/div>\n\t\t\t\t<div class=\"elementor-element elementor-element-7376030 elementor-widget elementor-widget-heading\" data-id=\"7376030\" data-element_type=\"widget\" data-e-type=\"widget\" data-widget_type=\"heading.default\">\n\t\t\t\t<div class=\"elementor-widget-container\">\n\t\t\t\t\t<h2 class=\"elementor-heading-title elementor-size-default\">Pour consulter le programme ou pour tout autre renseignement, veuillez cliquez sur le lien suivant :<\/h2>\t\t\t\t<\/div>\n\t\t\t\t<\/div>\n\t\t\t\t<div class=\"elementor-element elementor-element-e9b0031 elementor-widget elementor-widget-button\" data-id=\"e9b0031\" data-element_type=\"widget\" data-e-type=\"widget\" data-widget_type=\"button.default\">\n\t\t\t\t<div class=\"elementor-widget-container\">\n\t\t\t\t\t\t\t\t\t<div class=\"elementor-button-wrapper\">\n\t\t\t\t\t<a class=\"elementor-button elementor-button-link elementor-size-sm\" href=\"https:\/\/www.eden-villages.fr\/marche-nordique\" target=\"_blank\">\n\t\t\t\t\t\t<span class=\"elementor-button-content-wrapper\">\n\t\t\t\t\t\t\t\t\t<span class=\"elementor-button-text\">Cliquez ici<\/span>\n\t\t\t\t\t<\/span>\n\t\t\t\t\t<\/a>\n\t\t\t\t<\/div>\n\t\t\t\t\t\t\t\t<\/div>\n\t\t\t\t<\/div>\n\t\t\t\t<\/div>\n\t\t\t\t<\/div>\n\t\t<div class=\"elementor-element elementor-element-1bccc49 e-con-full e-flex e-con e-parent\" data-id=\"1bccc49\" data-element_type=\"container\" data-e-type=\"container\">\n\t\t\t\t<div class=\"elementor-element elementor-element-44c63dc elementor-arrows-position-inside elementor-pagination-position-outside elementor-widget elementor-widget-image-carousel\" data-id=\"44c63dc\" data-element_type=\"widget\" data-e-type=\"widget\" data-settings=\"{&quot;slides_to_show&quot;:&quot;2&quot;,&quot;slides_to_scroll&quot;:&quot;2&quot;,&quot;autoplay_speed&quot;:3000,&quot;navigation&quot;:&quot;both&quot;,&quot;autoplay&quot;:&quot;yes&quot;,&quot;pause_on_hover&quot;:&quot;yes&quot;,&quot;pause_on_interaction&quot;:&quot;yes&quot;,&quot;infinite&quot;:&quot;yes&quot;,&quot;speed&quot;:500}\" data-widget_type=\"image-carousel.default\">\n\t\t\t\t<div class=\"elementor-widget-container\">\n\t\t\t\t\t\t\t<div class=\"elementor-image-carousel-wrapper swiper\" role=\"region\" aria-roledescription=\"carousel\" aria-label=\"Carrousel d\u2019images\" dir=\"ltr\">\n\t\t\t<div class=\"elementor-image-carousel swiper-wrapper\" aria-live=\"off\">\n\t\t\t\t\t\t\t\t<div class=\"swiper-slide\" role=\"group\" aria-roledescription=\"slide\" aria-label=\"1 sur 4\"><figure class=\"swiper-slide-inner\"><img decoding=\"async\" class=\"swiper-slide-image\" src=\"https:\/\/benordicspirit-marchenordique.fr\/wp-content\/uploads\/2022\/08\/DSC05821.jpg\" alt=\"DSC05821\" \/><\/figure><\/div><div class=\"swiper-slide\" role=\"group\" aria-roledescription=\"slide\" aria-label=\"2 sur 4\"><figure class=\"swiper-slide-inner\"><img decoding=\"async\" class=\"swiper-slide-image\" src=\"https:\/\/benordicspirit-marchenordique.fr\/wp-content\/uploads\/2022\/08\/SITE2.jpg\" alt=\"SITE2\" \/><\/figure><\/div><div class=\"swiper-slide\" role=\"group\" aria-roledescription=\"slide\" aria-label=\"3 sur 4\"><figure class=\"swiper-slide-inner\"><img decoding=\"async\" class=\"swiper-slide-image\" src=\"https:\/\/benordicspirit-marchenordique.fr\/wp-content\/uploads\/2022\/08\/P1050572.jpg\" alt=\"P1050572\" \/><\/figure><\/div><div class=\"swiper-slide\" role=\"group\" aria-roledescription=\"slide\" aria-label=\"4 sur 4\"><figure class=\"swiper-slide-inner\"><img decoding=\"async\" class=\"swiper-slide-image\" src=\"https:\/\/benordicspirit-marchenordique.fr\/wp-content\/uploads\/2023\/08\/BEAPARFAIT.jpg\" alt=\"BEAPARFAIT\" \/><\/figure><\/div>\t\t\t<\/div>\n\t\t\t\t\t\t\t\t\t\t\t\t<div class=\"elementor-swiper-button elementor-swiper-button-prev\" role=\"button\" tabindex=\"0\">\n\t\t\t\t\t\t<i aria-hidden=\"true\" class=\"eicon-chevron-left\"><\/i>\t\t\t\t\t<\/div>\n\t\t\t\t\t<div class=\"elementor-swiper-button elementor-swiper-button-next\" role=\"button\" tabindex=\"0\">\n\t\t\t\t\t\t<i aria-hidden=\"true\" class=\"eicon-chevron-right\"><\/i>\t\t\t\t\t<\/div>\n\t\t\t\t\n\t\t\t\t\t\t\t\t\t<div class=\"swiper-pagination\"><\/div>\n\t\t\t\t\t\t\t\t\t<\/div>\n\t\t\t\t\t\t<\/div>\n\t\t\t\t<\/div>\n\t\t\t\t<\/div>\n\t\t\t\t<\/div>\n\t\t","protected":false},"excerpt":{"rendered":"<p>SEJOURS DE BEAUX SEJOURS POUR TOUS Vous \u00eates passionn\u00e9s de marche nordique et vous souhaitez vivre des moments conviviaux tout en pratiquant votre art. Nous vous proposons un cocktail de bonheur : de beaux parcours, du plaisir et du partage. Laissez vous guider par nos coachs exp\u00e9riment\u00e9s qui vous ont concoct\u00e9s de beaux programmes (voir&hellip;&nbsp;<a href=\"https:\/\/benordicspirit-marchenordique.fr\/?page_id=659\" class=\"\" rel=\"bookmark\">Lire la suite &raquo;<span class=\"screen-reader-text\">S\u00e9jours<\/span><\/a><\/p>\n","protected":false},"author":1,"featured_media":0,"parent":0,"menu_order":0,"comment_status":"closed","ping_status":"closed","template":"page-templates\/template-pagebuilder-full-width.php","meta":{"om_disable_all_campaigns":false,"_monsterinsights_skip_tracking":false,"_monsterinsights_sitenote_active":false,"_monsterinsights_sitenote_note":"","_monsterinsights_sitenote_category":0,"neve_meta_sidebar":"","neve_meta_container":"","neve_meta_enable_content_width":"","neve_meta_content_width":0,"neve_meta_title_alignment":"","neve_meta_author_avatar":"","neve_post_elements_order":"","neve_meta_disable_header":"","neve_meta_disable_footer":"","neve_meta_disable_title":"","footnotes":""},"class_list":["post-659","page","type-page","status-publish","hentry"],"aioseo_notices":[],"_links":{"self":[{"href":"https:\/\/benordicspirit-marchenordique.fr\/index.php?rest_route=\/wp\/v2\/pages\/659","targetHints":{"allow":["GET"]}}],"collection":[{"href":"https:\/\/benordicspirit-marchenordique.fr\/index.php?rest_route=\/wp\/v2\/pages"}],"about":[{"href":"https:\/\/benordicspirit-marchenordique.fr\/index.php?rest_route=\/wp\/v2\/types\/page"}],"author":[{"embeddable":true,"href":"https:\/\/benordicspirit-marchenordique.fr\/index.php?rest_route=\/wp\/v2\/users\/1"}],"replies":[{"embeddable":true,"href":"https:\/\/benordicspirit-marchenordique.fr\/index.php?rest_route=%2Fwp%2Fv2%2Fcomments&post=659"}],"version-history":[{"count":139,"href":"https:\/\/benordicspirit-marchenordique.fr\/index.php?rest_route=\/wp\/v2\/pages\/659\/revisions"}],"predecessor-version":[{"id":2514,"href":"https:\/\/benordicspirit-marchenordique.fr\/index.php?rest_route=\/wp\/v2\/pages\/659\/revisions\/2514"}],"wp:attachment":[{"href":"https:\/\/benordicspirit-marchenordique.fr\/index.php?rest_route=%2Fwp%2Fv2%2Fmedia&parent=659"}],"curies":[{"name":"wp","href":"https:\/\/api.w.org\/{rel}","templated":true}]}}